{"id":149,"date":"2024-09-11T11:59:22","date_gmt":"2024-09-11T09:59:22","guid":{"rendered":"https:\/\/xn--bootow-4db.pl\/?page_id=149"},"modified":"2025-07-10T12:51:43","modified_gmt":"2025-07-10T10:51:43","slug":"kontakt","status":"publish","type":"page","link":"https:\/\/xn--bootow-4db.pl\/?page_id=149","title":{"rendered":"Kontakt"},"content":{"rendered":"\t\t<div data-elementor-type=\"wp-page\" data-elementor-id=\"149\" class=\"elementor elementor-149\">\n\t\t\t\t<div class=\"elementor-element elementor-element-99bf181 e-con-full e-flex e-con e-parent\" data-id=\"99bf181\" data-element_type=\"container\" data-settings=\"{&quot;background_background&quot;:&quot;classic&quot;}\">\n\t\t\t\t<div class=\"elementor-element elementor-element-8ee30a6 elementor-widget elementor-widget-heading\" data-id=\"8ee30a6\" data-element_type=\"widget\" data-widget_type=\"heading.default\">\n\t\t\t\t<div class=\"elementor-widget-container\">\n\t\t\t\t\t<h2 class=\"elementor-heading-title elementor-size-default\">Masz pytanie? Skontaktuj si\u0119 z nami!<\/h2>\t\t\t\t<\/div>\n\t\t\t\t<\/div>\n\t\t\t\t<\/div>\n\t\t<div class=\"elementor-element elementor-element-f835bb6 e-flex e-con-boxed e-con e-parent\" data-id=\"f835bb6\" data-element_type=\"container\">\n\t\t\t\t\t<div class=\"e-con-inner\">\n\t\t\t\t<div class=\"elementor-element elementor-element-78dfdb4 elementor-widget elementor-widget-wpforms\" data-id=\"78dfdb4\" data-element_type=\"widget\" data-widget_type=\"wpforms.default\">\n\t\t\t\t<div class=\"elementor-widget-container\">\n\t\t\t\t\t<div class=\"wpforms-container wpforms-container-full wpforms-render-modern\" id=\"wpforms-1368\"><form id=\"wpforms-form-1368\" class=\"wpforms-validate wpforms-form wpforms-ajax-form\" data-formid=\"1368\" method=\"post\" enctype=\"multipart\/form-data\" action=\"\/index.php?rest_route=%2Fwp%2Fv2%2Fpages%2F149\" data-token=\"9f0527ba29427e9b714d0208720a9551\" data-token-time=\"1776511977\"><noscript class=\"wpforms-error-noscript\">Aby wype\u0142ni\u0107 ten formularz, w\u0142\u0105cz obs\u0142ug\u0119 JavaScript w przegl\u0105darce.<\/noscript><div id=\"wpforms-error-noscript\" style=\"display: none;\">Aby wype\u0142ni\u0107 ten formularz, w\u0142\u0105cz obs\u0142ug\u0119 JavaScript w przegl\u0105darce.<\/div><div class=\"wpforms-field-container\"><div id=\"wpforms-1368-field_1-container\" class=\"wpforms-field wpforms-field-name\" data-field-id=\"1\"><fieldset><legend class=\"wpforms-field-label\">Imi\u0119 i nazwisko <span class=\"wpforms-required-label\" aria-hidden=\"true\">*<\/span><\/legend><div class=\"wpforms-field-row wpforms-field-medium\"><div class=\"wpforms-field-row-block wpforms-first wpforms-one-half\"><input type=\"text\" id=\"wpforms-1368-field_1\" class=\"wpforms-field-name-first wpforms-field-required\" name=\"wpforms[fields][1][first]\" aria-errormessage=\"wpforms-1368-field_1-error\" required><label for=\"wpforms-1368-field_1\" class=\"wpforms-field-sublabel after\">Imi\u0119<\/label><\/div><div class=\"wpforms-field-row-block wpforms-one-half\"><input type=\"text\" id=\"wpforms-1368-field_1-last\" class=\"wpforms-field-name-last wpforms-field-required\" name=\"wpforms[fields][1][last]\" aria-errormessage=\"wpforms-1368-field_1-last-error\" required><label for=\"wpforms-1368-field_1-last\" class=\"wpforms-field-sublabel after\">Nazwisko<\/label><\/div><\/div><\/fieldset><\/div>\t\t<div id=\"wpforms-1368-field_4-container\"\n\t\t\tclass=\"wpforms-field wpforms-field-text\"\n\t\t\tdata-field-type=\"text\"\n\t\t\tdata-field-id=\"4\"\n\t\t\t>\n\t\t\t<label class=\"wpforms-field-label\" for=\"wpforms-1368-field_4\" >Wiadomo\u015b\u0107 Adres nazwisko<\/label>\n\t\t\t<input type=\"text\" id=\"wpforms-1368-field_4\" class=\"wpforms-field-medium\" name=\"wpforms[fields][4]\" >\n\t\t<\/div>\n\t\t<div id=\"wpforms-1368-field_2-container\" class=\"wpforms-field wpforms-field-email\" data-field-id=\"2\"><label class=\"wpforms-field-label\" for=\"wpforms-1368-field_2\">Adres e-mail <span class=\"wpforms-required-label\" aria-hidden=\"true\">*<\/span><\/label><input type=\"email\" id=\"wpforms-1368-field_2\" class=\"wpforms-field-medium wpforms-field-required\" name=\"wpforms[fields][2]\" spellcheck=\"false\" aria-errormessage=\"wpforms-1368-field_2-error\" required><\/div><div id=\"wpforms-1368-field_3-container\" class=\"wpforms-field wpforms-field-textarea\" data-field-id=\"3\"><label class=\"wpforms-field-label\" for=\"wpforms-1368-field_3\">Wiadomo\u015b\u0107<\/label><textarea id=\"wpforms-1368-field_3\" class=\"wpforms-field-medium\" name=\"wpforms[fields][3]\" aria-errormessage=\"wpforms-1368-field_3-error\" aria-describedby=\"wpforms-1368-field_3-description\" ><\/textarea><div id=\"wpforms-1368-field_3-description\" class=\"wpforms-field-description\">Jak mo\u017cemy Ci pom\u00f3c?<\/div><\/div><script>\n\t\t\t\t( function() {\n\t\t\t\t\tconst style = document.createElement( 'style' );\n\t\t\t\t\tstyle.appendChild( document.createTextNode( '#wpforms-1368-field_4-container { position: absolute !important; overflow: hidden !important; display: inline !important; height: 1px !important; width: 1px !important; z-index: -1000 !important; padding: 0 !important; } #wpforms-1368-field_4-container input { visibility: hidden; } #wpforms-conversational-form-page #wpforms-1368-field_4-container label { counter-increment: none; }' ) );\n\t\t\t\t\tdocument.head.appendChild( style );\n\t\t\t\t\tdocument.currentScript?.remove();\n\t\t\t\t} )();\n\t\t\t<\/script><\/div><!-- .wpforms-field-container --><div class=\"wpforms-submit-container\" ><input type=\"hidden\" name=\"wpforms[id]\" value=\"1368\"><input type=\"hidden\" name=\"page_title\" value=\"\"><input type=\"hidden\" name=\"page_url\" value=\"https:\/\/xn--bootow-4db.pl\/index.php?rest_route=\/wp\/v2\/pages\/149\"><input type=\"hidden\" name=\"url_referer\" value=\"\"><button type=\"submit\" name=\"wpforms[submit]\" id=\"wpforms-submit-1368\" class=\"wpforms-submit\" data-alt-text=\"Wysy\u0142anie...\" data-submit-text=\"Prze\u015blij\" aria-live=\"assertive\" value=\"wpforms-submit\">Prze\u015blij<\/button><img decoding=\"async\" src=\"https:\/\/xn--bootow-4db.pl\/wp-content\/plugins\/wpforms-lite\/assets\/images\/submit-spin.svg\" class=\"wpforms-submit-spinner\" style=\"display: none;\" width=\"26\" height=\"26\" alt=\"Wczytywanie\"><\/div><\/form><\/div>  <!-- .wpforms-container -->\t\t\t\t<\/div>\n\t\t\t\t<\/div>\n\t\t\t\t<div class=\"elementor-element elementor-element-b54d350 elementor-widget-divider--view-line elementor-widget elementor-widget-divider\" data-id=\"b54d350\" data-element_type=\"widget\" data-widget_type=\"divider.default\">\n\t\t\t\t<div class=\"elementor-widget-container\">\n\t\t\t\t\t\t\t<div class=\"elementor-divider\">\n\t\t\t<span class=\"elementor-divider-separator\">\n\t\t\t\t\t\t<\/span>\n\t\t<\/div>\n\t\t\t\t\t\t<\/div>\n\t\t\t\t<\/div>\n\t\t\t\t<div class=\"elementor-element elementor-element-a5d74fb elementor-widget elementor-widget-heading\" data-id=\"a5d74fb\" data-element_type=\"widget\" data-widget_type=\"heading.default\">\n\t\t\t\t<div class=\"elementor-widget-container\">\n\t\t\t\t\t<h2 class=\"elementor-heading-title elementor-size-default\">Informacje o nas<\/h2>\t\t\t\t<\/div>\n\t\t\t\t<\/div>\n\t\t\t\t<div class=\"elementor-element elementor-element-0089bd0 elementor-widget elementor-widget-heading\" data-id=\"0089bd0\" data-element_type=\"widget\" data-widget_type=\"heading.default\">\n\t\t\t\t<div class=\"elementor-widget-container\">\n\t\t\t\t\t<h2 class=\"elementor-heading-title elementor-size-default\">Siedziba: ul. Stefana Okrzei 74b\/115 87-800 W\u0142oc\u0142awek <\/h2>\t\t\t\t<\/div>\n\t\t\t\t<\/div>\n\t\t\t\t\t<\/div>\n\t\t\t\t<\/div>\n\t\t<div class=\"elementor-element elementor-element-c09a404 e-flex e-con-boxed e-con e-parent\" data-id=\"c09a404\" data-element_type=\"container\">\n\t\t\t\t\t<div class=\"e-con-inner\">\n\t\t\t\t<div class=\"elementor-element elementor-element-0b8d72c elementor-widget elementor-widget-heading\" data-id=\"0b8d72c\" data-element_type=\"widget\" data-widget_type=\"heading.default\">\n\t\t\t\t<div class=\"elementor-widget-container\">\n\t\t\t\t\t<h2 class=\"elementor-heading-title elementor-size-default\">Telefon: + 48 518 238 193 <\/h2>\t\t\t\t<\/div>\n\t\t\t\t<\/div>\n\t\t\t\t\t<\/div>\n\t\t\t\t<\/div>\n\t\t<div class=\"elementor-element elementor-element-50c3e24 e-flex e-con-boxed e-con e-parent\" data-id=\"50c3e24\" data-element_type=\"container\">\n\t\t\t\t\t<div class=\"e-con-inner\">\n\t\t\t\t<div class=\"elementor-element elementor-element-2c5ab7a elementor-widget elementor-widget-heading\" data-id=\"2c5ab7a\" data-element_type=\"widget\" data-widget_type=\"heading.default\">\n\t\t\t\t<div class=\"elementor-widget-container\">\n\t\t\t\t\t<h2 class=\"elementor-heading-title elementor-size-default\">Email:\nbiuroprobudwloclawek@gmail.com<\/h2>\t\t\t\t<\/div>\n\t\t\t\t<\/div>\n\t\t\t\t\t<\/div>\n\t\t\t\t<\/div>\n\t\t<div class=\"elementor-element elementor-element-c8a23d3 e-flex e-con-boxed e-con e-parent\" data-id=\"c8a23d3\" data-element_type=\"container\">\n\t\t\t\t\t<div class=\"e-con-inner\">\n\t\t\t\t<div class=\"elementor-element elementor-element-ea1d7df elementor-widget elementor-widget-heading\" data-id=\"ea1d7df\" data-element_type=\"widget\" data-widget_type=\"heading.default\">\n\t\t\t\t<div class=\"elementor-widget-container\">\n\t\t\t\t\t<h2 class=\"elementor-heading-title elementor-size-default\">NIP 888 242 57 10 <\/h2>\t\t\t\t<\/div>\n\t\t\t\t<\/div>\n\t\t\t\t\t<\/div>\n\t\t\t\t<\/div>\n\t\t\t\t<\/div>\n\t\t","protected":false},"excerpt":{"rendered":"<p>Masz pytanie? Skontaktuj si\u0119 z nami! Aby wype\u0142ni\u0107 ten formularz, w\u0142\u0105cz obs\u0142ug\u0119 JavaScript w przegl\u0105darce.Aby wype\u0142ni\u0107 ten formularz, w\u0142\u0105cz obs\u0142ug\u0119 JavaScript w przegl\u0105darce. Imi\u0119 i nazwisko * Imi\u0119Nazwisko Adres e-mail *Wiadomo\u015b\u0107Jak mo\u017cemy Ci pom\u00f3c? Prze\u015blij Informacje o nas Siedziba: ul. Stefana Okrzei 74b\/115 87-800 W\u0142oc\u0142awek Telefon: + 48 518 238 193 Email: biuroprobudwloclawek@gmail.com NIP 888 [&hellip;]<\/p>\n","protected":false},"author":1,"featured_media":0,"parent":0,"menu_order":0,"comment_status":"closed","ping_status":"closed","template":"","meta":{"ocean_post_layout":"","ocean_both_sidebars_style":"","ocean_both_sidebars_content_width":0,"ocean_both_sidebars_sidebars_width":0,"ocean_sidebar":"","ocean_second_sidebar":"","ocean_disable_margins":"enable","ocean_add_body_class":"","ocean_shortcode_before_top_bar":"","ocean_shortcode_after_top_bar":"","ocean_shortcode_before_header":"","ocean_shortcode_after_header":"","ocean_has_shortcode":"","ocean_shortcode_after_title":"","ocean_shortcode_before_footer_widgets":"","ocean_shortcode_after_footer_widgets":"","ocean_shortcode_before_footer_bottom":"","ocean_shortcode_after_footer_bottom":"","ocean_display_top_bar":"default","ocean_display_header":"default","ocean_header_style":"","ocean_center_header_left_menu":"","ocean_custom_header_template":"","ocean_custom_logo":0,"ocean_custom_retina_logo":0,"ocean_custom_logo_max_width":0,"ocean_custom_logo_tablet_max_width":0,"ocean_custom_logo_mobile_max_width":0,"ocean_custom_logo_max_height":0,"ocean_custom_logo_tablet_max_height":0,"ocean_custom_logo_mobile_max_height":0,"ocean_header_custom_menu":"","ocean_menu_typo_font_family":"","ocean_menu_typo_font_subset":"","ocean_menu_typo_font_size":0,"ocean_menu_typo_font_size_tablet":0,"ocean_menu_typo_font_size_mobile":0,"ocean_menu_typo_font_size_unit":"px","ocean_menu_typo_font_weight":"","ocean_menu_typo_font_weight_tablet":"","ocean_menu_typo_font_weight_mobile":"","ocean_menu_typo_transform":"","ocean_menu_typo_transform_tablet":"","ocean_menu_typo_transform_mobile":"","ocean_menu_typo_line_height":0,"ocean_menu_typo_line_height_tablet":0,"ocean_menu_typo_line_height_mobile":0,"ocean_menu_typo_line_height_unit":"","ocean_menu_typo_spacing":0,"ocean_menu_typo_spacing_tablet":0,"ocean_menu_typo_spacing_mobile":0,"ocean_menu_typo_spacing_unit":"","ocean_menu_link_color":"","ocean_menu_link_color_hover":"","ocean_menu_link_color_active":"","ocean_menu_link_background":"","ocean_menu_link_hover_background":"","ocean_menu_link_active_background":"","ocean_menu_social_links_bg":"","ocean_menu_social_hover_links_bg":"","ocean_menu_social_links_color":"","ocean_menu_social_hover_links_color":"","ocean_disable_title":"default","ocean_disable_heading":"default","ocean_post_title":"","ocean_post_subheading":"","ocean_post_title_style":"","ocean_post_title_background_color":"","ocean_post_title_background":0,"ocean_post_title_bg_image_position":"","ocean_post_title_bg_image_attachment":"","ocean_post_title_bg_image_repeat":"","ocean_post_title_bg_image_size":"","ocean_post_title_height":0,"ocean_post_title_bg_overlay":0.5,"ocean_post_title_bg_overlay_color":"","ocean_disable_breadcrumbs":"default","ocean_breadcrumbs_color":"","ocean_breadcrumbs_separator_color":"","ocean_breadcrumbs_links_color":"","ocean_breadcrumbs_links_hover_color":"","ocean_display_footer_widgets":"default","ocean_display_footer_bottom":"default","ocean_custom_footer_template":"","footnotes":""},"class_list":["post-149","page","type-page","status-publish","hentry","entry"],"yoast_head":"<!-- This site is optimized with the Yoast SEO plugin v24.2 - https:\/\/yoast.com\/wordpress\/plugins\/seo\/ -->\n<title>Kontakt - Pro-Bud Daniel Bo\u0142otow<\/title>\n<meta name=\"robots\" content=\"index, follow, max-snippet:-1, max-image-preview:large, max-video-preview:-1\" \/>\n<link rel=\"canonical\" href=\"https:\/\/xn--bootow-4db.pl\/?page_id=149\" \/>\n<meta property=\"og:locale\" content=\"pl_PL\" \/>\n<meta property=\"og:type\" content=\"article\" \/>\n<meta property=\"og:title\" content=\"Kontakt - Pro-Bud Daniel Bo\u0142otow\" \/>\n<meta property=\"og:description\" content=\"Masz pytanie? Skontaktuj si\u0119 z nami! Aby wype\u0142ni\u0107 ten formularz, w\u0142\u0105cz obs\u0142ug\u0119 JavaScript w przegl\u0105darce.Aby wype\u0142ni\u0107 ten formularz, w\u0142\u0105cz obs\u0142ug\u0119 JavaScript w przegl\u0105darce. Imi\u0119 i nazwisko * Imi\u0119Nazwisko Adres e-mail *Wiadomo\u015b\u0107Jak mo\u017cemy Ci pom\u00f3c? Prze\u015blij Informacje o nas Siedziba: ul. Stefana Okrzei 74b\/115 87-800 W\u0142oc\u0142awek Telefon: + 48 518 238 193 Email: biuroprobudwloclawek@gmail.com NIP 888 [&hellip;]\" \/>\n<meta property=\"og:url\" content=\"https:\/\/xn--bootow-4db.pl\/?page_id=149\" \/>\n<meta property=\"og:site_name\" content=\"Pro-Bud Daniel Bo\u0142otow\" \/>\n<meta property=\"article:modified_time\" content=\"2025-07-10T10:51:43+00:00\" \/>\n<meta property=\"og:image\" content=\"https:\/\/xn--bootow-4db.pl\/wp-content\/plugins\/wpforms-lite\/assets\/images\/submit-spin.svg\" \/>\n<meta name=\"twitter:card\" content=\"summary_large_image\" \/>\n<meta name=\"twitter:label1\" content=\"Szacowany czas czytania\" \/>\n\t<meta name=\"twitter:data1\" content=\"1 minuta\" \/>\n<script type=\"application\/ld+json\" class=\"yoast-schema-graph\">{\"@context\":\"https:\/\/schema.org\",\"@graph\":[{\"@type\":\"WebPage\",\"@id\":\"https:\/\/xn--bootow-4db.pl\/?page_id=149\",\"url\":\"https:\/\/xn--bootow-4db.pl\/?page_id=149\",\"name\":\"Kontakt - Pro-Bud Daniel Bo\u0142otow\",\"isPartOf\":{\"@id\":\"https:\/\/xn--bootow-4db.pl\/#website\"},\"primaryImageOfPage\":{\"@id\":\"https:\/\/xn--bootow-4db.pl\/?page_id=149#primaryimage\"},\"image\":{\"@id\":\"https:\/\/xn--bootow-4db.pl\/?page_id=149#primaryimage\"},\"thumbnailUrl\":\"https:\/\/xn--bootow-4db.pl\/wp-content\/plugins\/wpforms-lite\/assets\/images\/submit-spin.svg\",\"datePublished\":\"2024-09-11T09:59:22+00:00\",\"dateModified\":\"2025-07-10T10:51:43+00:00\",\"breadcrumb\":{\"@id\":\"https:\/\/xn--bootow-4db.pl\/?page_id=149#breadcrumb\"},\"inLanguage\":\"pl-PL\",\"potentialAction\":[{\"@type\":\"ReadAction\",\"target\":[\"https:\/\/xn--bootow-4db.pl\/?page_id=149\"]}]},{\"@type\":\"ImageObject\",\"inLanguage\":\"pl-PL\",\"@id\":\"https:\/\/xn--bootow-4db.pl\/?page_id=149#primaryimage\",\"url\":\"https:\/\/xn--bootow-4db.pl\/wp-content\/plugins\/wpforms-lite\/assets\/images\/submit-spin.svg\",\"contentUrl\":\"https:\/\/xn--bootow-4db.pl\/wp-content\/plugins\/wpforms-lite\/assets\/images\/submit-spin.svg\"},{\"@type\":\"BreadcrumbList\",\"@id\":\"https:\/\/xn--bootow-4db.pl\/?page_id=149#breadcrumb\",\"itemListElement\":[{\"@type\":\"ListItem\",\"position\":1,\"name\":\"Strona g\u0142\u00f3wna\",\"item\":\"https:\/\/xn--bootow-4db.pl\/\"},{\"@type\":\"ListItem\",\"position\":2,\"name\":\"Kontakt\"}]},{\"@type\":\"WebSite\",\"@id\":\"https:\/\/xn--bootow-4db.pl\/#website\",\"url\":\"https:\/\/xn--bootow-4db.pl\/\",\"name\":\"Pro-Bud Daniel Bo\u0142otow\",\"description\":\"\",\"publisher\":{\"@id\":\"https:\/\/xn--bootow-4db.pl\/#organization\"},\"potentialAction\":[{\"@type\":\"SearchAction\",\"target\":{\"@type\":\"EntryPoint\",\"urlTemplate\":\"https:\/\/xn--bootow-4db.pl\/?s={search_term_string}\"},\"query-input\":{\"@type\":\"PropertyValueSpecification\",\"valueRequired\":true,\"valueName\":\"search_term_string\"}}],\"inLanguage\":\"pl-PL\"},{\"@type\":\"Organization\",\"@id\":\"https:\/\/xn--bootow-4db.pl\/#organization\",\"name\":\"Pro-Bud Daniel Bo\u0142otow\",\"url\":\"https:\/\/xn--bootow-4db.pl\/\",\"logo\":{\"@type\":\"ImageObject\",\"inLanguage\":\"pl-PL\",\"@id\":\"https:\/\/xn--bootow-4db.pl\/#\/schema\/logo\/image\/\",\"url\":\"https:\/\/xn--bootow-4db.pl\/wp-content\/uploads\/2024\/10\/cropped-Projekt-bez-nazwy-1.png\",\"contentUrl\":\"https:\/\/xn--bootow-4db.pl\/wp-content\/uploads\/2024\/10\/cropped-Projekt-bez-nazwy-1.png\",\"width\":512,\"height\":512,\"caption\":\"Pro-Bud Daniel Bo\u0142otow\"},\"image\":{\"@id\":\"https:\/\/xn--bootow-4db.pl\/#\/schema\/logo\/image\/\"}}]}<\/script>\n<!-- \/ Yoast SEO plugin. -->","yoast_head_json":{"title":"Kontakt - Pro-Bud Daniel Bo\u0142otow","robots":{"index":"index","follow":"follow","max-snippet":"max-snippet:-1","max-image-preview":"max-image-preview:large","max-video-preview":"max-video-preview:-1"},"canonical":"https:\/\/xn--bootow-4db.pl\/?page_id=149","og_locale":"pl_PL","og_type":"article","og_title":"Kontakt - Pro-Bud Daniel Bo\u0142otow","og_description":"Masz pytanie? Skontaktuj si\u0119 z nami! Aby wype\u0142ni\u0107 ten formularz, w\u0142\u0105cz obs\u0142ug\u0119 JavaScript w przegl\u0105darce.Aby wype\u0142ni\u0107 ten formularz, w\u0142\u0105cz obs\u0142ug\u0119 JavaScript w przegl\u0105darce. Imi\u0119 i nazwisko * Imi\u0119Nazwisko Adres e-mail *Wiadomo\u015b\u0107Jak mo\u017cemy Ci pom\u00f3c? Prze\u015blij Informacje o nas Siedziba: ul. Stefana Okrzei 74b\/115 87-800 W\u0142oc\u0142awek Telefon: + 48 518 238 193 Email: biuroprobudwloclawek@gmail.com NIP 888 [&hellip;]","og_url":"https:\/\/xn--bootow-4db.pl\/?page_id=149","og_site_name":"Pro-Bud Daniel Bo\u0142otow","article_modified_time":"2025-07-10T10:51:43+00:00","og_image":[{"url":"https:\/\/xn--bootow-4db.pl\/wp-content\/plugins\/wpforms-lite\/assets\/images\/submit-spin.svg","type":"","width":"","height":""}],"twitter_card":"summary_large_image","twitter_misc":{"Szacowany czas czytania":"1 minuta"},"schema":{"@context":"https:\/\/schema.org","@graph":[{"@type":"WebPage","@id":"https:\/\/xn--bootow-4db.pl\/?page_id=149","url":"https:\/\/xn--bootow-4db.pl\/?page_id=149","name":"Kontakt - Pro-Bud Daniel Bo\u0142otow","isPartOf":{"@id":"https:\/\/xn--bootow-4db.pl\/#website"},"primaryImageOfPage":{"@id":"https:\/\/xn--bootow-4db.pl\/?page_id=149#primaryimage"},"image":{"@id":"https:\/\/xn--bootow-4db.pl\/?page_id=149#primaryimage"},"thumbnailUrl":"https:\/\/xn--bootow-4db.pl\/wp-content\/plugins\/wpforms-lite\/assets\/images\/submit-spin.svg","datePublished":"2024-09-11T09:59:22+00:00","dateModified":"2025-07-10T10:51:43+00:00","breadcrumb":{"@id":"https:\/\/xn--bootow-4db.pl\/?page_id=149#breadcrumb"},"inLanguage":"pl-PL","potentialAction":[{"@type":"ReadAction","target":["https:\/\/xn--bootow-4db.pl\/?page_id=149"]}]},{"@type":"ImageObject","inLanguage":"pl-PL","@id":"https:\/\/xn--bootow-4db.pl\/?page_id=149#primaryimage","url":"https:\/\/xn--bootow-4db.pl\/wp-content\/plugins\/wpforms-lite\/assets\/images\/submit-spin.svg","contentUrl":"https:\/\/xn--bootow-4db.pl\/wp-content\/plugins\/wpforms-lite\/assets\/images\/submit-spin.svg"},{"@type":"BreadcrumbList","@id":"https:\/\/xn--bootow-4db.pl\/?page_id=149#breadcrumb","itemListElement":[{"@type":"ListItem","position":1,"name":"Strona g\u0142\u00f3wna","item":"https:\/\/xn--bootow-4db.pl\/"},{"@type":"ListItem","position":2,"name":"Kontakt"}]},{"@type":"WebSite","@id":"https:\/\/xn--bootow-4db.pl\/#website","url":"https:\/\/xn--bootow-4db.pl\/","name":"Pro-Bud Daniel Bo\u0142otow","description":"","publisher":{"@id":"https:\/\/xn--bootow-4db.pl\/#organization"},"potentialAction":[{"@type":"SearchAction","target":{"@type":"EntryPoint","urlTemplate":"https:\/\/xn--bootow-4db.pl\/?s={search_term_string}"},"query-input":{"@type":"PropertyValueSpecification","valueRequired":true,"valueName":"search_term_string"}}],"inLanguage":"pl-PL"},{"@type":"Organization","@id":"https:\/\/xn--bootow-4db.pl\/#organization","name":"Pro-Bud Daniel Bo\u0142otow","url":"https:\/\/xn--bootow-4db.pl\/","logo":{"@type":"ImageObject","inLanguage":"pl-PL","@id":"https:\/\/xn--bootow-4db.pl\/#\/schema\/logo\/image\/","url":"https:\/\/xn--bootow-4db.pl\/wp-content\/uploads\/2024\/10\/cropped-Projekt-bez-nazwy-1.png","contentUrl":"https:\/\/xn--bootow-4db.pl\/wp-content\/uploads\/2024\/10\/cropped-Projekt-bez-nazwy-1.png","width":512,"height":512,"caption":"Pro-Bud Daniel Bo\u0142otow"},"image":{"@id":"https:\/\/xn--bootow-4db.pl\/#\/schema\/logo\/image\/"}}]}},"_links":{"self":[{"href":"https:\/\/xn--bootow-4db.pl\/index.php?rest_route=\/wp\/v2\/pages\/149","targetHints":{"allow":["GET"]}}],"collection":[{"href":"https:\/\/xn--bootow-4db.pl\/index.php?rest_route=\/wp\/v2\/pages"}],"about":[{"href":"https:\/\/xn--bootow-4db.pl\/index.php?rest_route=\/wp\/v2\/types\/page"}],"author":[{"embeddable":true,"href":"https:\/\/xn--bootow-4db.pl\/index.php?rest_route=\/wp\/v2\/users\/1"}],"replies":[{"embeddable":true,"href":"https:\/\/xn--bootow-4db.pl\/index.php?rest_route=%2Fwp%2Fv2%2Fcomments&post=149"}],"version-history":[{"count":17,"href":"https:\/\/xn--bootow-4db.pl\/index.php?rest_route=\/wp\/v2\/pages\/149\/revisions"}],"predecessor-version":[{"id":1380,"href":"https:\/\/xn--bootow-4db.pl\/index.php?rest_route=\/wp\/v2\/pages\/149\/revisions\/1380"}],"wp:attachment":[{"href":"https:\/\/xn--bootow-4db.pl\/index.php?rest_route=%2Fwp%2Fv2%2Fmedia&parent=149"}],"curies":[{"name":"wp","href":"https:\/\/api.w.org\/{rel}","templated":true}]}}