{"id":151,"date":"2024-09-11T11:59:39","date_gmt":"2024-09-11T09:59:39","guid":{"rendered":"https:\/\/xn--bootow-4db.pl\/?page_id=151"},"modified":"2024-10-01T20:42:52","modified_gmt":"2024-10-01T18:42:52","slug":"o-nas","status":"publish","type":"page","link":"https:\/\/xn--bootow-4db.pl\/?page_id=151","title":{"rendered":"O nas"},"content":{"rendered":"\t\t<div data-elementor-type=\"wp-page\" data-elementor-id=\"151\" class=\"elementor elementor-151\">\n\t\t\t\t<div class=\"elementor-element elementor-element-6049ac2 e-flex e-con-boxed elementor-invisible e-con e-parent\" data-id=\"6049ac2\" data-element_type=\"container\" data-settings=\"{&quot;background_background&quot;:&quot;classic&quot;,&quot;animation&quot;:&quot;fadeIn&quot;}\">\n\t\t\t\t\t<div class=\"e-con-inner\">\n\t\t\t\t<div class=\"elementor-element elementor-element-bb22353 elementor-invisible elementor-widget elementor-widget-heading\" data-id=\"bb22353\" data-element_type=\"widget\" data-settings=\"{&quot;_animation&quot;:&quot;fadeIn&quot;}\" data-widget_type=\"heading.default\">\n\t\t\t\t<div class=\"elementor-widget-container\">\n\t\t\t\t\t<h2 class=\"elementor-heading-title elementor-size-default\">Poznaj nas lepiej<\/h2>\t\t\t\t<\/div>\n\t\t\t\t<\/div>\n\t\t\t\t\t<\/div>\n\t\t\t\t<\/div>\n\t\t<div class=\"elementor-element elementor-element-7f49c8a e-flex e-con-boxed e-con e-parent\" data-id=\"7f49c8a\" data-element_type=\"container\">\n\t\t\t\t\t<div class=\"e-con-inner\">\n\t\t\t\t<div class=\"elementor-element elementor-element-0557839 elementor-widget-divider--view-line elementor-widget elementor-widget-divider\" data-id=\"0557839\" data-element_type=\"widget\" data-widget_type=\"divider.default\">\n\t\t\t\t<div class=\"elementor-widget-container\">\n\t\t\t\t\t\t\t<div class=\"elementor-divider\">\n\t\t\t<span class=\"elementor-divider-separator\">\n\t\t\t\t\t\t<\/span>\n\t\t<\/div>\n\t\t\t\t\t\t<\/div>\n\t\t\t\t<\/div>\n\t\t\t\t<div class=\"elementor-element elementor-element-02fac1f elementor-widget elementor-widget-heading\" data-id=\"02fac1f\" data-element_type=\"widget\" data-widget_type=\"heading.default\">\n\t\t\t\t<div class=\"elementor-widget-container\">\n\t\t\t\t\t<h2 class=\"elementor-heading-title elementor-size-default\">Nasza firma zajmuje si\u0119 przygotowaniem inwestora do procesu inwestycyjnego w zakresie budowy nowych budynk\u00f3w lub termomodernizacji istniej\u0105cych z naciskiem na \u017ar\u00f3d\u0142a odnawialne. Od 2020 roku zajmujemy si\u0119 wykonawstwem w zakresie bran\u017cy sanitarnej i elektrycznej z naciskiem na energi\u0119 odnawialn\u0105. Od 2022 roku jeste\u015bmy wy\u0142\u0105cznym dystrybutorem w Polsce Carbon4 - innowacyjnego systemu grzewczego opartego na p\u0142ynnej pow\u0142oce grzewczej o napi\u0119ciu 24V. Ogrzewanie podczerwieni\u0105 za pomoc\u0105 farby grzewczej od projektu po wykonanie na terenie ca\u0142ej Polski.<\/h2>\t\t\t\t<\/div>\n\t\t\t\t<\/div>\n\t\t\t\t<div class=\"elementor-element elementor-element-c440687 elementor-widget elementor-widget-heading\" data-id=\"c440687\" data-element_type=\"widget\" data-widget_type=\"heading.default\">\n\t\t\t\t<div class=\"elementor-widget-container\">\n\t\t\t\t\t<h2 class=\"elementor-heading-title elementor-size-default\">Pocz\u0105wszy od koncepcji, wykonywania dokumentacji wielobran\u017cowej przygotowanie przedmiaru rob\u00f3t i kosztorys\u00f3w inwestorskich, a\u017c po realizacj\u0119 inwestycji<\/h2>\t\t\t\t<\/div>\n\t\t\t\t<\/div>\n\t\t\t\t<div class=\"elementor-element elementor-element-3811301 elementor-widget-divider--view-line elementor-widget elementor-widget-divider\" data-id=\"3811301\" data-element_type=\"widget\" data-widget_type=\"divider.default\">\n\t\t\t\t<div class=\"elementor-widget-container\">\n\t\t\t\t\t\t\t<div class=\"elementor-divider\">\n\t\t\t<span class=\"elementor-divider-separator\">\n\t\t\t\t\t\t<\/span>\n\t\t<\/div>\n\t\t\t\t\t\t<\/div>\n\t\t\t\t<\/div>\n\t\t\t\t\t<\/div>\n\t\t\t\t<\/div>\n\t\t<div class=\"elementor-element elementor-element-21274b4 e-con-full e-flex e-con e-parent\" data-id=\"21274b4\" data-element_type=\"container\">\n\t\t<div class=\"elementor-element elementor-element-07cbb86 e-con-full e-flex e-con e-child\" data-id=\"07cbb86\" data-element_type=\"container\">\n\t\t\t\t<div class=\"elementor-element elementor-element-990c47a elementor-invisible elementor-widget elementor-widget-image\" data-id=\"990c47a\" data-element_type=\"widget\" data-settings=\"{&quot;_animation&quot;:&quot;fadeIn&quot;}\" data-widget_type=\"image.default\">\n\t\t\t\t<div class=\"elementor-widget-container\">\n\t\t\t\t\t\t\t\t\t\t\t\t\t\t\t<img fetchpriority=\"high\" decoding=\"async\" width=\"800\" height=\"800\" src=\"https:\/\/xn--bootow-4db.pl\/wp-content\/uploads\/2024\/09\/carbon4_Infrarot-Planung.jpg\" class=\"attachment-large size-large wp-image-349\" alt=\"\" srcset=\"https:\/\/xn--bootow-4db.pl\/wp-content\/uploads\/2024\/09\/carbon4_Infrarot-Planung.jpg 800w, https:\/\/xn--bootow-4db.pl\/wp-content\/uploads\/2024\/09\/carbon4_Infrarot-Planung-300x300.jpg 300w, https:\/\/xn--bootow-4db.pl\/wp-content\/uploads\/2024\/09\/carbon4_Infrarot-Planung-150x150.jpg 150w, https:\/\/xn--bootow-4db.pl\/wp-content\/uploads\/2024\/09\/carbon4_Infrarot-Planung-768x768.jpg 768w, https:\/\/xn--bootow-4db.pl\/wp-content\/uploads\/2024\/09\/carbon4_Infrarot-Planung-600x600.jpg 600w\" sizes=\"(max-width: 800px) 100vw, 800px\" \/>\t\t\t\t\t\t\t\t\t\t\t\t\t\t\t<\/div>\n\t\t\t\t<\/div>\n\t\t\t\t<\/div>\n\t\t<div class=\"elementor-element elementor-element-85cce34 e-con-full e-flex e-con e-child\" data-id=\"85cce34\" data-element_type=\"container\">\n\t\t\t\t<div class=\"elementor-element elementor-element-efc213e elementor-widget elementor-widget-heading\" data-id=\"efc213e\" data-element_type=\"widget\" data-widget_type=\"heading.default\">\n\t\t\t\t<div class=\"elementor-widget-container\">\n\t\t\t\t\t<h2 class=\"elementor-heading-title elementor-size-default\">Nie tra\u0107 czasu na przestarza\u0142e techniki izolacyjne i skorzystaj z innowacji jakich jeszcze nie by\u0142o. Mniej  wydatk\u00f3w zwi\u0105zanych z budow\u0105 i inwestycjami, prostszych w instalacji, niewidocznych i idealnych do nietypowych konstrukcji. Wybierz rozwi\u0105zanie o wiele bardziej przyjazne \u015brodowisku,  korzystniejsze dla cz\u0142owieka i lepszego samopoczucia. <\/h2>\t\t\t\t<\/div>\n\t\t\t\t<\/div>\n\t\t\t\t<div class=\"elementor-element elementor-element-4732e33 elementor-align-center elementor-widget elementor-widget-button\" data-id=\"4732e33\" data-element_type=\"widget\" data-widget_type=\"button.default\">\n\t\t\t\t<div class=\"elementor-widget-container\">\n\t\t\t\t\t\t\t\t\t<div class=\"elementor-button-wrapper\">\n\t\t\t\t\t<a class=\"elementor-button elementor-button-link elementor-size-sm elementor-animation-grow\" href=\"https:\/\/xn--bootow-4db.pl\/?page_id=149\">\n\t\t\t\t\t\t<span class=\"elementor-button-content-wrapper\">\n\t\t\t\t\t\t\t\t\t<span class=\"elementor-button-text\">Skontaktuj si\u0119 z nami<\/span>\n\t\t\t\t\t<\/span>\n\t\t\t\t\t<\/a>\n\t\t\t\t<\/div>\n\t\t\t\t\t\t\t\t<\/div>\n\t\t\t\t<\/div>\n\t\t\t\t<\/div>\n\t\t\t\t<\/div>\n\t\t\t\t<\/div>\n\t\t","protected":false},"excerpt":{"rendered":"<p>Poznaj nas lepiej Nasza firma zajmuje si\u0119 przygotowaniem inwestora do procesu inwestycyjnego w zakresie budowy nowych budynk\u00f3w lub termomodernizacji istniej\u0105cych z naciskiem na \u017ar\u00f3d\u0142a odnawialne. Od 2020 roku zajmujemy si\u0119 wykonawstwem w zakresie bran\u017cy sanitarnej i elektrycznej z naciskiem na energi\u0119 odnawialn\u0105. Od 2022 roku jeste\u015bmy wy\u0142\u0105cznym dystrybutorem w Polsce Carbon4 &#8211; innowacyjnego systemu grzewczego [&hellip;]<\/p>\n","protected":false},"author":1,"featured_media":0,"parent":0,"menu_order":0,"comment_status":"closed","ping_status":"closed","template":"","meta":{"ocean_post_layout":"","ocean_both_sidebars_style":"","ocean_both_sidebars_content_width":0,"ocean_both_sidebars_sidebars_width":0,"ocean_sidebar":"","ocean_second_sidebar":"","ocean_disable_margins":"enable","ocean_add_body_class":"","ocean_shortcode_before_top_bar":"","ocean_shortcode_after_top_bar":"","ocean_shortcode_before_header":"","ocean_shortcode_after_header":"","ocean_has_shortcode":"","ocean_shortcode_after_title":"","ocean_shortcode_before_footer_widgets":"","ocean_shortcode_after_footer_widgets":"","ocean_shortcode_before_footer_bottom":"","ocean_shortcode_after_footer_bottom":"","ocean_display_top_bar":"default","ocean_display_header":"default","ocean_header_style":"","ocean_center_header_left_menu":"","ocean_custom_header_template":"","ocean_custom_logo":0,"ocean_custom_retina_logo":0,"ocean_custom_logo_max_width":0,"ocean_custom_logo_tablet_max_width":0,"ocean_custom_logo_mobile_max_width":0,"ocean_custom_logo_max_height":0,"ocean_custom_logo_tablet_max_height":0,"ocean_custom_logo_mobile_max_height":0,"ocean_header_custom_menu":"","ocean_menu_typo_font_family":"","ocean_menu_typo_font_subset":"","ocean_menu_typo_font_size":0,"ocean_menu_typo_font_size_tablet":0,"ocean_menu_typo_font_size_mobile":0,"ocean_menu_typo_font_size_unit":"px","ocean_menu_typo_font_weight":"","ocean_menu_typo_font_weight_tablet":"","ocean_menu_typo_font_weight_mobile":"","ocean_menu_typo_transform":"","ocean_menu_typo_transform_tablet":"","ocean_menu_typo_transform_mobile":"","ocean_menu_typo_line_height":0,"ocean_menu_typo_line_height_tablet":0,"ocean_menu_typo_line_height_mobile":0,"ocean_menu_typo_line_height_unit":"","ocean_menu_typo_spacing":0,"ocean_menu_typo_spacing_tablet":0,"ocean_menu_typo_spacing_mobile":0,"ocean_menu_typo_spacing_unit":"","ocean_menu_link_color":"","ocean_menu_link_color_hover":"","ocean_menu_link_color_active":"","ocean_menu_link_background":"","ocean_menu_link_hover_background":"","ocean_menu_link_active_background":"","ocean_menu_social_links_bg":"","ocean_menu_social_hover_links_bg":"","ocean_menu_social_links_color":"","ocean_menu_social_hover_links_color":"","ocean_disable_title":"default","ocean_disable_heading":"default","ocean_post_title":"","ocean_post_subheading":"","ocean_post_title_style":"","ocean_post_title_background_color":"","ocean_post_title_background":0,"ocean_post_title_bg_image_position":"","ocean_post_title_bg_image_attachment":"","ocean_post_title_bg_image_repeat":"","ocean_post_title_bg_image_size":"","ocean_post_title_height":0,"ocean_post_title_bg_overlay":0.5,"ocean_post_title_bg_overlay_color":"","ocean_disable_breadcrumbs":"default","ocean_breadcrumbs_color":"","ocean_breadcrumbs_separator_color":"","ocean_breadcrumbs_links_color":"","ocean_breadcrumbs_links_hover_color":"","ocean_display_footer_widgets":"default","ocean_display_footer_bottom":"default","ocean_custom_footer_template":"","footnotes":""},"class_list":["post-151","page","type-page","status-publish","hentry","entry"],"yoast_head":"<!-- This site is optimized with the Yoast SEO plugin v24.2 - https:\/\/yoast.com\/wordpress\/plugins\/seo\/ -->\n<title>O nas - Pro-Bud Daniel Bo\u0142otow<\/title>\n<meta name=\"robots\" content=\"index, follow, max-snippet:-1, max-image-preview:large, max-video-preview:-1\" \/>\n<link rel=\"canonical\" href=\"https:\/\/xn--bootow-4db.pl\/?page_id=151\" \/>\n<meta property=\"og:locale\" content=\"pl_PL\" \/>\n<meta property=\"og:type\" content=\"article\" \/>\n<meta property=\"og:title\" content=\"O nas - Pro-Bud Daniel Bo\u0142otow\" \/>\n<meta property=\"og:description\" content=\"Poznaj nas lepiej Nasza firma zajmuje si\u0119 przygotowaniem inwestora do procesu inwestycyjnego w zakresie budowy nowych budynk\u00f3w lub termomodernizacji istniej\u0105cych z naciskiem na \u017ar\u00f3d\u0142a odnawialne. Od 2020 roku zajmujemy si\u0119 wykonawstwem w zakresie bran\u017cy sanitarnej i elektrycznej z naciskiem na energi\u0119 odnawialn\u0105. Od 2022 roku jeste\u015bmy wy\u0142\u0105cznym dystrybutorem w Polsce Carbon4 &#8211; innowacyjnego systemu grzewczego [&hellip;]\" \/>\n<meta property=\"og:url\" content=\"https:\/\/xn--bootow-4db.pl\/?page_id=151\" \/>\n<meta property=\"og:site_name\" content=\"Pro-Bud Daniel Bo\u0142otow\" \/>\n<meta property=\"article:modified_time\" content=\"2024-10-01T18:42:52+00:00\" \/>\n<meta property=\"og:image\" content=\"https:\/\/xn--bootow-4db.pl\/wp-content\/uploads\/2024\/09\/carbon4_Infrarot-Planung.jpg\" \/>\n<meta name=\"twitter:card\" content=\"summary_large_image\" \/>\n<meta name=\"twitter:label1\" content=\"Szacowany czas czytania\" \/>\n\t<meta name=\"twitter:data1\" content=\"1 minuta\" \/>\n<script type=\"application\/ld+json\" class=\"yoast-schema-graph\">{\"@context\":\"https:\/\/schema.org\",\"@graph\":[{\"@type\":\"WebPage\",\"@id\":\"https:\/\/xn--bootow-4db.pl\/?page_id=151\",\"url\":\"https:\/\/xn--bootow-4db.pl\/?page_id=151\",\"name\":\"O nas - Pro-Bud Daniel Bo\u0142otow\",\"isPartOf\":{\"@id\":\"https:\/\/xn--bootow-4db.pl\/#website\"},\"primaryImageOfPage\":{\"@id\":\"https:\/\/xn--bootow-4db.pl\/?page_id=151#primaryimage\"},\"image\":{\"@id\":\"https:\/\/xn--bootow-4db.pl\/?page_id=151#primaryimage\"},\"thumbnailUrl\":\"https:\/\/xn--bootow-4db.pl\/wp-content\/uploads\/2024\/09\/carbon4_Infrarot-Planung.jpg\",\"datePublished\":\"2024-09-11T09:59:39+00:00\",\"dateModified\":\"2024-10-01T18:42:52+00:00\",\"breadcrumb\":{\"@id\":\"https:\/\/xn--bootow-4db.pl\/?page_id=151#breadcrumb\"},\"inLanguage\":\"pl-PL\",\"potentialAction\":[{\"@type\":\"ReadAction\",\"target\":[\"https:\/\/xn--bootow-4db.pl\/?page_id=151\"]}]},{\"@type\":\"ImageObject\",\"inLanguage\":\"pl-PL\",\"@id\":\"https:\/\/xn--bootow-4db.pl\/?page_id=151#primaryimage\",\"url\":\"https:\/\/xn--bootow-4db.pl\/wp-content\/uploads\/2024\/09\/carbon4_Infrarot-Planung.jpg\",\"contentUrl\":\"https:\/\/xn--bootow-4db.pl\/wp-content\/uploads\/2024\/09\/carbon4_Infrarot-Planung.jpg\",\"width\":800,\"height\":800},{\"@type\":\"BreadcrumbList\",\"@id\":\"https:\/\/xn--bootow-4db.pl\/?page_id=151#breadcrumb\",\"itemListElement\":[{\"@type\":\"ListItem\",\"position\":1,\"name\":\"Strona g\u0142\u00f3wna\",\"item\":\"https:\/\/xn--bootow-4db.pl\/\"},{\"@type\":\"ListItem\",\"position\":2,\"name\":\"O nas\"}]},{\"@type\":\"WebSite\",\"@id\":\"https:\/\/xn--bootow-4db.pl\/#website\",\"url\":\"https:\/\/xn--bootow-4db.pl\/\",\"name\":\"Pro-Bud Daniel Bo\u0142otow\",\"description\":\"\",\"publisher\":{\"@id\":\"https:\/\/xn--bootow-4db.pl\/#organization\"},\"potentialAction\":[{\"@type\":\"SearchAction\",\"target\":{\"@type\":\"EntryPoint\",\"urlTemplate\":\"https:\/\/xn--bootow-4db.pl\/?s={search_term_string}\"},\"query-input\":{\"@type\":\"PropertyValueSpecification\",\"valueRequired\":true,\"valueName\":\"search_term_string\"}}],\"inLanguage\":\"pl-PL\"},{\"@type\":\"Organization\",\"@id\":\"https:\/\/xn--bootow-4db.pl\/#organization\",\"name\":\"Pro-Bud Daniel Bo\u0142otow\",\"url\":\"https:\/\/xn--bootow-4db.pl\/\",\"logo\":{\"@type\":\"ImageObject\",\"inLanguage\":\"pl-PL\",\"@id\":\"https:\/\/xn--bootow-4db.pl\/#\/schema\/logo\/image\/\",\"url\":\"https:\/\/xn--bootow-4db.pl\/wp-content\/uploads\/2024\/10\/cropped-Projekt-bez-nazwy-1.png\",\"contentUrl\":\"https:\/\/xn--bootow-4db.pl\/wp-content\/uploads\/2024\/10\/cropped-Projekt-bez-nazwy-1.png\",\"width\":512,\"height\":512,\"caption\":\"Pro-Bud Daniel Bo\u0142otow\"},\"image\":{\"@id\":\"https:\/\/xn--bootow-4db.pl\/#\/schema\/logo\/image\/\"}}]}<\/script>\n<!-- \/ Yoast SEO plugin. -->","yoast_head_json":{"title":"O nas - Pro-Bud Daniel Bo\u0142otow","robots":{"index":"index","follow":"follow","max-snippet":"max-snippet:-1","max-image-preview":"max-image-preview:large","max-video-preview":"max-video-preview:-1"},"canonical":"https:\/\/xn--bootow-4db.pl\/?page_id=151","og_locale":"pl_PL","og_type":"article","og_title":"O nas - Pro-Bud Daniel Bo\u0142otow","og_description":"Poznaj nas lepiej Nasza firma zajmuje si\u0119 przygotowaniem inwestora do procesu inwestycyjnego w zakresie budowy nowych budynk\u00f3w lub termomodernizacji istniej\u0105cych z naciskiem na \u017ar\u00f3d\u0142a odnawialne. Od 2020 roku zajmujemy si\u0119 wykonawstwem w zakresie bran\u017cy sanitarnej i elektrycznej z naciskiem na energi\u0119 odnawialn\u0105. Od 2022 roku jeste\u015bmy wy\u0142\u0105cznym dystrybutorem w Polsce Carbon4 &#8211; innowacyjnego systemu grzewczego [&hellip;]","og_url":"https:\/\/xn--bootow-4db.pl\/?page_id=151","og_site_name":"Pro-Bud Daniel Bo\u0142otow","article_modified_time":"2024-10-01T18:42:52+00:00","og_image":[{"url":"https:\/\/xn--bootow-4db.pl\/wp-content\/uploads\/2024\/09\/carbon4_Infrarot-Planung.jpg","type":"","width":"","height":""}],"twitter_card":"summary_large_image","twitter_misc":{"Szacowany czas czytania":"1 minuta"},"schema":{"@context":"https:\/\/schema.org","@graph":[{"@type":"WebPage","@id":"https:\/\/xn--bootow-4db.pl\/?page_id=151","url":"https:\/\/xn--bootow-4db.pl\/?page_id=151","name":"O nas - Pro-Bud Daniel Bo\u0142otow","isPartOf":{"@id":"https:\/\/xn--bootow-4db.pl\/#website"},"primaryImageOfPage":{"@id":"https:\/\/xn--bootow-4db.pl\/?page_id=151#primaryimage"},"image":{"@id":"https:\/\/xn--bootow-4db.pl\/?page_id=151#primaryimage"},"thumbnailUrl":"https:\/\/xn--bootow-4db.pl\/wp-content\/uploads\/2024\/09\/carbon4_Infrarot-Planung.jpg","datePublished":"2024-09-11T09:59:39+00:00","dateModified":"2024-10-01T18:42:52+00:00","breadcrumb":{"@id":"https:\/\/xn--bootow-4db.pl\/?page_id=151#breadcrumb"},"inLanguage":"pl-PL","potentialAction":[{"@type":"ReadAction","target":["https:\/\/xn--bootow-4db.pl\/?page_id=151"]}]},{"@type":"ImageObject","inLanguage":"pl-PL","@id":"https:\/\/xn--bootow-4db.pl\/?page_id=151#primaryimage","url":"https:\/\/xn--bootow-4db.pl\/wp-content\/uploads\/2024\/09\/carbon4_Infrarot-Planung.jpg","contentUrl":"https:\/\/xn--bootow-4db.pl\/wp-content\/uploads\/2024\/09\/carbon4_Infrarot-Planung.jpg","width":800,"height":800},{"@type":"BreadcrumbList","@id":"https:\/\/xn--bootow-4db.pl\/?page_id=151#breadcrumb","itemListElement":[{"@type":"ListItem","position":1,"name":"Strona g\u0142\u00f3wna","item":"https:\/\/xn--bootow-4db.pl\/"},{"@type":"ListItem","position":2,"name":"O nas"}]},{"@type":"WebSite","@id":"https:\/\/xn--bootow-4db.pl\/#website","url":"https:\/\/xn--bootow-4db.pl\/","name":"Pro-Bud Daniel Bo\u0142otow","description":"","publisher":{"@id":"https:\/\/xn--bootow-4db.pl\/#organization"},"potentialAction":[{"@type":"SearchAction","target":{"@type":"EntryPoint","urlTemplate":"https:\/\/xn--bootow-4db.pl\/?s={search_term_string}"},"query-input":{"@type":"PropertyValueSpecification","valueRequired":true,"valueName":"search_term_string"}}],"inLanguage":"pl-PL"},{"@type":"Organization","@id":"https:\/\/xn--bootow-4db.pl\/#organization","name":"Pro-Bud Daniel Bo\u0142otow","url":"https:\/\/xn--bootow-4db.pl\/","logo":{"@type":"ImageObject","inLanguage":"pl-PL","@id":"https:\/\/xn--bootow-4db.pl\/#\/schema\/logo\/image\/","url":"https:\/\/xn--bootow-4db.pl\/wp-content\/uploads\/2024\/10\/cropped-Projekt-bez-nazwy-1.png","contentUrl":"https:\/\/xn--bootow-4db.pl\/wp-content\/uploads\/2024\/10\/cropped-Projekt-bez-nazwy-1.png","width":512,"height":512,"caption":"Pro-Bud Daniel Bo\u0142otow"},"image":{"@id":"https:\/\/xn--bootow-4db.pl\/#\/schema\/logo\/image\/"}}]}},"_links":{"self":[{"href":"https:\/\/xn--bootow-4db.pl\/index.php?rest_route=\/wp\/v2\/pages\/151","targetHints":{"allow":["GET"]}}],"collection":[{"href":"https:\/\/xn--bootow-4db.pl\/index.php?rest_route=\/wp\/v2\/pages"}],"about":[{"href":"https:\/\/xn--bootow-4db.pl\/index.php?rest_route=\/wp\/v2\/types\/page"}],"author":[{"embeddable":true,"href":"https:\/\/xn--bootow-4db.pl\/index.php?rest_route=\/wp\/v2\/users\/1"}],"replies":[{"embeddable":true,"href":"https:\/\/xn--bootow-4db.pl\/index.php?rest_route=%2Fwp%2Fv2%2Fcomments&post=151"}],"version-history":[{"count":16,"href":"https:\/\/xn--bootow-4db.pl\/index.php?rest_route=\/wp\/v2\/pages\/151\/revisions"}],"predecessor-version":[{"id":1179,"href":"https:\/\/xn--bootow-4db.pl\/index.php?rest_route=\/wp\/v2\/pages\/151\/revisions\/1179"}],"wp:attachment":[{"href":"https:\/\/xn--bootow-4db.pl\/index.php?rest_route=%2Fwp%2Fv2%2Fmedia&parent=151"}],"curies":[{"name":"wp","href":"https:\/\/api.w.org\/{rel}","templated":true}]}}